{"id":12,"date":"2025-08-12T09:30:17","date_gmt":"2025-08-12T09:30:17","guid":{"rendered":"https:\/\/ezia.rkinformatika.online\/?page_id=12"},"modified":"2025-08-12T14:27:17","modified_gmt":"2025-08-12T14:27:17","slug":"servicios","status":"publish","type":"page","link":"https:\/\/ezia.eus\/eu\/servicios\/","title":{"rendered":"Zerbitzuak"},"content":{"rendered":"<div data-elementor-type=\"wp-page\" data-elementor-id=\"12\" class=\"elementor elementor-12\" data-elementor-post-type=\"page\">\n\t\t\t\t<div class=\"elementor-element elementor-element-38ebf72 e-flex e-con-boxed e-con e-parent\" data-id=\"38ebf72\" data-element_type=\"container\" data-e-type=\"container\" data-settings=\"{&quot;background_background&quot;:&quot;classic&quot;}\">\n\t\t\t\t\t<div class=\"e-con-inner\">\n\t\t\t\t<div class=\"elementor-element elementor-element-4a47d0e elementor-icon-list--layout-inline elementor-align-center animated-slow elementor-list-item-link-full_width elementor-invisible elementor-widget elementor-widget-icon-list\" data-id=\"4a47d0e\" data-element_type=\"widget\" data-e-type=\"widget\" data-settings=\"{&quot;_animation&quot;:&quot;zoomIn&quot;,&quot;_animation_delay&quot;:200}\" data-widget_type=\"icon-list.default\">\n\t\t\t\t\t\t\t<ul class=\"elementor-icon-list-items elementor-inline-items\">\n\t\t\t\t\t\t\t<li class=\"elementor-icon-list-item elementor-inline-item\">\n\t\t\t\t\t\t\t\t\t\t\t<a href=\"https:\/\/ezia.eus\/eu\/\">\n\n\t\t\t\t\t\t\t\t\t\t\t<span class=\"elementor-icon-list-text\">Hasiera<\/span>\n\t\t\t\t\t\t\t\t\t\t\t<\/a>\n\t\t\t\t\t\t\t\t\t<\/li>\n\t\t\t\t\t\t\t\t<li class=\"elementor-icon-list-item elementor-inline-item\">\n\t\t\t\t\t\t\t\t\t\t\t<a href=\"https:\/\/ezia.eus\/eu\/contacto\/\">\n\n\t\t\t\t\t\t\t\t\t\t\t\t<span class=\"elementor-icon-list-icon\">\n\t\t\t\t\t\t\t<svg aria-hidden=\"true\" class=\"e-font-icon-svg e-fas-angle-right\" viewbox=\"0 0 256 512\" xmlns=\"http:\/\/www.w3.org\/2000\/svg\"><path d=\"M224.3 273l-136 136c-9.4 9.4-24.6 9.4-33.9 0l-22.6-22.6c-9.4-9.4-9.4-24.6 0-33.9l96.4-96.4-96.4-96.4c-9.4-9.4-9.4-24.6 0-33.9L54.3 103c9.4-9.4 24.6-9.4 33.9 0l136 136c9.5 9.4 9.5 24.6.1 34z\"><\/path><\/svg>\t\t\t\t\t\t<\/span>\n\t\t\t\t\t\t\t\t\t\t<span class=\"elementor-icon-list-text\">Kontaktua<\/span>\n\t\t\t\t\t\t\t\t\t\t\t<\/a>\n\t\t\t\t\t\t\t\t\t<\/li>\n\t\t\t\t\t\t<\/ul>\n\t\t\t\t\t\t<\/div>\n\t\t\t\t\t<\/div>\n\t\t\t\t<\/div>\n\t\t\t\t<section class=\"elementor-section elementor-top-section elementor-element elementor-element-45d6a841 elementor-section-content-middle elementor-section-boxed elementor-section-height-default elementor-section-height-default\" data-id=\"45d6a841\" data-element_type=\"section\" data-e-type=\"section\" data-settings=\"{&quot;background_background&quot;:&quot;classic&quot;}\">\n\t\t\t\t\t\t\t<div class=\"elementor-background-overlay\"><\/div>\n\t\t\t\t\t\t\t<div class=\"elementor-container elementor-column-gap-wide\">\n\t\t\t\t\t<div class=\"elementor-column elementor-col-100 elementor-top-column elementor-element elementor-element-3d41f472\" data-id=\"3d41f472\" data-element_type=\"column\" data-e-type=\"column\">\n\t\t\t<div class=\"elementor-widget-wrap elementor-element-populated\">\n\t\t\t\t\t\t<div class=\"elementor-element elementor-element-1815cbf9 elementor-invisible elementor-widget elementor-widget-heading\" data-id=\"1815cbf9\" data-element_type=\"widget\" data-e-type=\"widget\" data-settings=\"{&quot;_animation&quot;:&quot;fadeIn&quot;,&quot;_animation_delay&quot;:100}\" data-widget_type=\"heading.default\">\n\t\t\t\t\t<h2 class=\"elementor-heading-title elementor-size-default\">Nuestros servicios<\/h2>\t\t\t\t<\/div>\n\t\t\t\t<div class=\"elementor-element elementor-element-24c38d79 elementor-widget-divider--view-line elementor-invisible elementor-widget elementor-widget-divider\" data-id=\"24c38d79\" data-element_type=\"widget\" data-e-type=\"widget\" data-settings=\"{&quot;_animation&quot;:&quot;fadeIn&quot;,&quot;_animation_delay&quot;:300}\" data-widget_type=\"divider.default\">\n\t\t\t\t\t\t\t<div class=\"elementor-divider\">\n\t\t\t<span class=\"elementor-divider-separator\">\n\t\t\t\t\t\t<\/span>\n\t\t<\/div>\n\t\t\t\t\t\t<\/div>\n\t\t\t\t<section class=\"elementor-section elementor-inner-section elementor-element elementor-element-d04f678 envato-kit-141-top-0 elementor-section-boxed elementor-section-height-default elementor-section-height-default\" data-id=\"d04f678\" data-element_type=\"section\" data-e-type=\"section\">\n\t\t\t\t\t\t<div class=\"elementor-container elementor-column-gap-default\">\n\t\t\t\t\t<div class=\"elementor-column elementor-col-50 elementor-inner-column elementor-element elementor-element-4cf294c7 elementor-invisible\" data-id=\"4cf294c7\" data-element_type=\"column\" data-e-type=\"column\" data-settings=\"{&quot;background_background&quot;:&quot;classic&quot;,&quot;animation&quot;:&quot;fadeIn&quot;,&quot;animation_delay&quot;:100}\">\n\t\t\t<div class=\"elementor-widget-wrap elementor-element-populated\">\n\t\t\t\t\t\t<div class=\"elementor-element elementor-element-4945d806 elementor-widget elementor-widget-image\" data-id=\"4945d806\" data-element_type=\"widget\" data-e-type=\"widget\" data-widget_type=\"image.default\">\n\t\t\t\t\t\t\t\t\t\t\t\t\t\t\t<img decoding=\"async\" src=\"https:\/\/ezia.eus\/wp-content\/uploads\/elementor\/thumbs\/1-2-ra5i9bhjlk0xauabdlu87mij3gjht8pti1c2y4nr8g.png\" title=\"1\" alt=\"1\" loading=\"lazy\" \/>\t\t\t\t\t\t\t\t\t\t\t\t\t\t\t<\/div>\n\t\t\t\t<div class=\"elementor-element elementor-element-3a327dfc elementor-widget elementor-widget-heading\" data-id=\"3a327dfc\" data-element_type=\"widget\" data-e-type=\"widget\" data-widget_type=\"heading.default\">\n\t\t\t\t\t<h2 class=\"elementor-heading-title elementor-size-default\">Construcci\u00f3n integral de edificios<\/h2>\t\t\t\t<\/div>\n\t\t\t\t<div class=\"elementor-element elementor-element-60fa5c18 elementor-widget elementor-widget-text-editor\" data-id=\"60fa5c18\" data-element_type=\"widget\" data-e-type=\"widget\" data-widget_type=\"text-editor.default\">\n\t\t\t\t\t\t\t\t\t<ul><li data-start=\"272\" data-end=\"309\"><p data-start=\"274\" data-end=\"309\">Proyectos completos de obra nueva<\/p><\/li><li data-start=\"313\" data-end=\"347\"><p data-start=\"315\" data-end=\"347\">Gesti\u00f3n y coordinaci\u00f3n de obra<\/p><\/li><li data-start=\"351\" data-end=\"379\"><p data-start=\"353\" data-end=\"379\">Acabados de alta calidad<\/p><\/li><\/ul>\t\t\t\t\t\t\t\t<\/div>\n\t\t\t\t\t<\/div>\n\t\t<\/div>\n\t\t\t\t<div class=\"elementor-column elementor-col-50 elementor-inner-column elementor-element elementor-element-3527772e elementor-invisible\" data-id=\"3527772e\" data-element_type=\"column\" data-e-type=\"column\" data-settings=\"{&quot;background_background&quot;:&quot;classic&quot;,&quot;animation&quot;:&quot;fadeIn&quot;,&quot;animation_delay&quot;:200}\">\n\t\t\t<div class=\"elementor-widget-wrap elementor-element-populated\">\n\t\t\t\t\t\t<div class=\"elementor-element elementor-element-52a30b43 elementor-widget elementor-widget-image\" data-id=\"52a30b43\" data-element_type=\"widget\" data-e-type=\"widget\" data-widget_type=\"image.default\">\n\t\t\t\t\t\t\t\t\t\t\t\t\t\t\t<img decoding=\"async\" src=\"https:\/\/ezia.eus\/wp-content\/uploads\/elementor\/thumbs\/2-1-ra5i9i2exe9xk40rb6om72ur95n2b4fxuxwhb2e00w.png\" title=\"2\" alt=\"2\" loading=\"lazy\" \/>\t\t\t\t\t\t\t\t\t\t\t\t\t\t\t<\/div>\n\t\t\t\t<div class=\"elementor-element elementor-element-5768ba91 elementor-widget elementor-widget-heading\" data-id=\"5768ba91\" data-element_type=\"widget\" data-e-type=\"widget\" data-widget_type=\"heading.default\">\n\t\t\t\t\t<h2 class=\"elementor-heading-title elementor-size-default\">Construcci\u00f3n y adecuaci\u00f3n de locales comerciales<\/h2>\t\t\t\t<\/div>\n\t\t\t\t<div class=\"elementor-element elementor-element-259a1994 elementor-widget elementor-widget-text-editor\" data-id=\"259a1994\" data-element_type=\"widget\" data-e-type=\"widget\" data-widget_type=\"text-editor.default\">\n\t\t\t\t\t\t\t\t\t<ul><li data-start=\"442\" data-end=\"482\"><p data-start=\"444\" data-end=\"482\">Adaptaci\u00f3n de espacios para negocios<\/p><\/li><li data-start=\"486\" data-end=\"520\"><p data-start=\"488\" data-end=\"520\">Reformas y mejoras funcionales<\/p><\/li><li data-start=\"524\" data-end=\"563\"><p data-start=\"526\" data-end=\"563\">Dise\u00f1o y distribuci\u00f3n de interiores<\/p><\/li><\/ul>\t\t\t\t\t\t\t\t<\/div>\n\t\t\t\t\t<\/div>\n\t\t<\/div>\n\t\t\t\t\t<\/div>\n\t\t<\/section>\n\t\t\t\t<section class=\"elementor-section elementor-inner-section elementor-element elementor-element-039693a envato-kit-141-top-0 elementor-section-boxed elementor-section-height-default elementor-section-height-default\" data-id=\"039693a\" data-element_type=\"section\" data-e-type=\"section\">\n\t\t\t\t\t\t<div class=\"elementor-container elementor-column-gap-default\">\n\t\t\t\t\t<div class=\"elementor-column elementor-col-50 elementor-inner-column elementor-element elementor-element-9089af5 elementor-invisible\" data-id=\"9089af5\" data-element_type=\"column\" data-e-type=\"column\" data-settings=\"{&quot;background_background&quot;:&quot;classic&quot;,&quot;animation&quot;:&quot;fadeIn&quot;,&quot;animation_delay&quot;:300}\">\n\t\t\t<div class=\"elementor-widget-wrap elementor-element-populated\">\n\t\t\t\t\t\t<div class=\"elementor-element elementor-element-7ded1e3 elementor-widget elementor-widget-image\" data-id=\"7ded1e3\" data-element_type=\"widget\" data-e-type=\"widget\" data-widget_type=\"image.default\">\n\t\t\t\t\t\t\t\t\t\t\t\t\t\t\t<img decoding=\"async\" src=\"https:\/\/ezia.eus\/wp-content\/uploads\/elementor\/thumbs\/3-3-ra5i9npg2ehnhrske94dm1fitgv9lb2bvpte6q5mzk.png\" title=\"3\" alt=\"3\" loading=\"lazy\" \/>\t\t\t\t\t\t\t\t\t\t\t\t\t\t\t<\/div>\n\t\t\t\t<div class=\"elementor-element elementor-element-ae48088 elementor-widget elementor-widget-heading\" data-id=\"ae48088\" data-element_type=\"widget\" data-e-type=\"widget\" data-widget_type=\"heading.default\">\n\t\t\t\t\t<h2 class=\"elementor-heading-title elementor-size-default\">Construcci\u00f3n y rehabilitaci\u00f3n de viviendas<\/h2>\t\t\t\t<\/div>\n\t\t\t\t<div class=\"elementor-element elementor-element-a012d8e elementor-widget elementor-widget-text-editor\" data-id=\"a012d8e\" data-element_type=\"widget\" data-e-type=\"widget\" data-widget_type=\"text-editor.default\">\n\t\t\t\t\t\t\t\t\t<ul><li data-start=\"620\" data-end=\"643\"><p data-start=\"622\" data-end=\"643\">Reformas integrales<\/p><\/li><li data-start=\"647\" data-end=\"692\"><p data-start=\"649\" data-end=\"692\">Ampliaciones y redistribuci\u00f3n de espacios<\/p><\/li><li data-start=\"696\" data-end=\"731\"><p data-start=\"698\" data-end=\"731\">Mejora de eficiencia energ\u00e9tica<\/p><\/li><\/ul>\t\t\t\t\t\t\t\t<\/div>\n\t\t\t\t\t<\/div>\n\t\t<\/div>\n\t\t\t\t<div class=\"elementor-column elementor-col-50 elementor-inner-column elementor-element elementor-element-aed8138 elementor-invisible\" data-id=\"aed8138\" data-element_type=\"column\" data-e-type=\"column\" data-settings=\"{&quot;background_background&quot;:&quot;classic&quot;,&quot;animation&quot;:&quot;fadeIn&quot;,&quot;animation_delay&quot;:300}\">\n\t\t\t<div class=\"elementor-widget-wrap elementor-element-populated\">\n\t\t\t\t\t\t<div class=\"elementor-element elementor-element-088fc2d elementor-widget elementor-widget-image\" data-id=\"088fc2d\" data-element_type=\"widget\" data-e-type=\"widget\" data-widget_type=\"image.default\">\n\t\t\t\t\t\t\t\t\t\t\t\t\t\t\t<img decoding=\"async\" src=\"https:\/\/ezia.eus\/wp-content\/uploads\/elementor\/thumbs\/4-1-ra5i9uabe8qnr1j0btyrlhrqz5yu36sg8mdsjnvvs0.png\" title=\"4\" alt=\"4\" loading=\"lazy\" \/>\t\t\t\t\t\t\t\t\t\t\t\t\t\t\t<\/div>\n\t\t\t\t<div class=\"elementor-element elementor-element-0844795 elementor-widget elementor-widget-heading\" data-id=\"0844795\" data-element_type=\"widget\" data-e-type=\"widget\" data-widget_type=\"heading.default\">\n\t\t\t\t\t<h2 class=\"elementor-heading-title elementor-size-default\">Rehabilitaci\u00f3n integral<\/h2>\t\t\t\t<\/div>\n\t\t\t\t<div class=\"elementor-element elementor-element-d15be9a elementor-widget elementor-widget-text-editor\" data-id=\"d15be9a\" data-element_type=\"widget\" data-e-type=\"widget\" data-widget_type=\"text-editor.default\">\n\t\t\t\t\t\t\t\t\t<ul><li data-start=\"769\" data-end=\"809\"><p data-start=\"771\" data-end=\"809\">Restauraci\u00f3n de fachadas y cubiertas<\/p><\/li><li data-start=\"813\" data-end=\"842\"><p data-start=\"815\" data-end=\"842\">Reforzamiento estructural<\/p><\/li><li data-start=\"846\" data-end=\"880\"><p data-start=\"848\" data-end=\"880\">Actualizaci\u00f3n de instalaciones<\/p><\/li><\/ul>\t\t\t\t\t\t\t\t<\/div>\n\t\t\t\t\t<\/div>\n\t\t<\/div>\n\t\t\t\t\t<\/div>\n\t\t<\/section>\n\t\t\t\t\t<\/div>\n\t\t<\/div>\n\t\t\t\t\t<\/div>\n\t\t<\/section>\n\t\t<div class=\"elementor-element elementor-element-7a41b5e e-flex e-con-boxed e-con e-parent\" data-id=\"7a41b5e\" data-element_type=\"container\" data-e-type=\"container\" data-settings=\"{&quot;background_background&quot;:&quot;classic&quot;}\">\n\t\t\t\t\t<div class=\"e-con-inner\">\n\t\t\t\t<div class=\"elementor-element elementor-element-dbc9881 elementor-widget elementor-widget-heading\" data-id=\"dbc9881\" data-element_type=\"widget\" data-e-type=\"widget\" data-widget_type=\"heading.default\">\n\t\t\t\t\t<h2 class=\"elementor-heading-title elementor-size-default\">Aurrekontu pertsonalizatua jaso nahi duzu edo informazio gehiago behar duzu?<\/h2>\t\t\t\t<\/div>\n\t\t\t\t<div class=\"elementor-element elementor-element-ae92041 elementor-align-center elementor-widget elementor-widget-button\" data-id=\"ae92041\" data-element_type=\"widget\" data-e-type=\"widget\" data-widget_type=\"button.default\">\n\t\t\t\t\t\t\t\t\t\t<a class=\"elementor-button elementor-button-link elementor-size-sm\" href=\"https:\/\/ezia.eus\/eu\/contacto\/\">\n\t\t\t\t\t\t<span class=\"elementor-button-content-wrapper\">\n\t\t\t\t\t\t\t\t\t<span class=\"elementor-button-text\">Contactar ahora<\/span>\n\t\t\t\t\t<\/span>\n\t\t\t\t\t<\/a>\n\t\t\t\t\t\t\t\t<\/div>\n\t\t\t\t\t<\/div>\n\t\t\t\t<\/div>\n\t\t\t\t<\/div>","protected":false},"excerpt":{"rendered":"<p>Inicio Contacto Nuestros servicios Construcci\u00f3n integral de edificios Proyectos completos de obra nueva Gesti\u00f3n y coordinaci\u00f3n de obra Acabados de alta calidad Construcci\u00f3n y adecuaci\u00f3n de locales comerciales Adaptaci\u00f3n de espacios para negocios Reformas y mejoras funcionales Dise\u00f1o y distribuci\u00f3n de interiores Construcci\u00f3n y rehabilitaci\u00f3n de viviendas Reformas integrales Ampliaciones y redistribuci\u00f3n de espacios Mejora [&hellip;]<\/p>\n","protected":false},"author":1,"featured_media":0,"parent":0,"menu_order":0,"comment_status":"closed","ping_status":"closed","template":"elementor_canvas","meta":{"footnotes":""},"class_list":["post-12","page","type-page","status-publish","hentry"],"yoast_head":"<!-- This site is optimized with the Yoast SEO plugin v27.4 - https:\/\/yoast.com\/product\/yoast-seo-wordpress\/ -->\n<title>Servicios - EZIA REHABILITACIONES SL<\/title>\n<meta name=\"robots\" content=\"index, follow, max-snippet:-1, max-image-preview:large, max-video-preview:-1\" \/>\n<link rel=\"canonical\" href=\"https:\/\/ezia.eus\/eu\/servicios\/\" \/>\n<meta property=\"og:locale\" content=\"en_US\" \/>\n<meta property=\"og:type\" content=\"article\" \/>\n<meta property=\"og:title\" content=\"Servicios - EZIA REHABILITACIONES SL\" \/>\n<meta property=\"og:description\" content=\"Inicio Contacto Nuestros servicios Construcci\u00f3n integral de edificios Proyectos completos de obra nueva Gesti\u00f3n y coordinaci\u00f3n de obra Acabados de alta calidad Construcci\u00f3n y adecuaci\u00f3n de locales comerciales Adaptaci\u00f3n de espacios para negocios Reformas y mejoras funcionales Dise\u00f1o y distribuci\u00f3n de interiores Construcci\u00f3n y rehabilitaci\u00f3n de viviendas Reformas integrales Ampliaciones y redistribuci\u00f3n de espacios Mejora [&hellip;]\" \/>\n<meta property=\"og:url\" content=\"https:\/\/ezia.eus\/eu\/servicios\/\" \/>\n<meta property=\"og:site_name\" content=\"EZIA REHABILITACIONES SL\" \/>\n<meta property=\"article:modified_time\" content=\"2025-08-12T14:27:17+00:00\" \/>\n<meta property=\"og:image\" content=\"https:\/\/ezia.eus\/wp-content\/uploads\/elementor\/thumbs\/1-2-ra5i9bhjlk0xauabdlu87mij3gjht8pti1c2y4nr8g.png\" \/>\n<meta name=\"twitter:card\" content=\"summary_large_image\" \/>\n<meta name=\"twitter:label1\" content=\"Est. reading time\" \/>\n\t<meta name=\"twitter:data1\" content=\"1 minutua\" \/>\n<script type=\"application\/ld+json\" class=\"yoast-schema-graph\">{\"@context\":\"https:\\\/\\\/schema.org\",\"@graph\":[{\"@type\":\"WebPage\",\"@id\":\"https:\\\/\\\/ezia.eus\\\/servicios\\\/\",\"url\":\"https:\\\/\\\/ezia.eus\\\/servicios\\\/\",\"name\":\"Servicios - EZIA REHABILITACIONES SL\",\"isPartOf\":{\"@id\":\"https:\\\/\\\/ezia.eus\\\/#website\"},\"primaryImageOfPage\":{\"@id\":\"https:\\\/\\\/ezia.eus\\\/servicios\\\/#primaryimage\"},\"image\":{\"@id\":\"https:\\\/\\\/ezia.eus\\\/servicios\\\/#primaryimage\"},\"thumbnailUrl\":\"https:\\\/\\\/ezia.eus\\\/wp-content\\\/uploads\\\/elementor\\\/thumbs\\\/1-2-ra5i9bhjlk0xauabdlu87mij3gjht8pti1c2y4nr8g.png\",\"datePublished\":\"2025-08-12T09:30:17+00:00\",\"dateModified\":\"2025-08-12T14:27:17+00:00\",\"breadcrumb\":{\"@id\":\"https:\\\/\\\/ezia.eus\\\/servicios\\\/#breadcrumb\"},\"inLanguage\":\"eu\",\"potentialAction\":[{\"@type\":\"ReadAction\",\"target\":[\"https:\\\/\\\/ezia.eus\\\/servicios\\\/\"]}]},{\"@type\":\"ImageObject\",\"inLanguage\":\"eu\",\"@id\":\"https:\\\/\\\/ezia.eus\\\/servicios\\\/#primaryimage\",\"url\":\"https:\\\/\\\/ezia.eus\\\/wp-content\\\/uploads\\\/elementor\\\/thumbs\\\/1-2-ra5i9bhjlk0xauabdlu87mij3gjht8pti1c2y4nr8g.png\",\"contentUrl\":\"https:\\\/\\\/ezia.eus\\\/wp-content\\\/uploads\\\/elementor\\\/thumbs\\\/1-2-ra5i9bhjlk0xauabdlu87mij3gjht8pti1c2y4nr8g.png\"},{\"@type\":\"BreadcrumbList\",\"@id\":\"https:\\\/\\\/ezia.eus\\\/servicios\\\/#breadcrumb\",\"itemListElement\":[{\"@type\":\"ListItem\",\"position\":1,\"name\":\"Portada\",\"item\":\"https:\\\/\\\/ezia.eus\\\/\"},{\"@type\":\"ListItem\",\"position\":2,\"name\":\"Servicios\"}]},{\"@type\":\"WebSite\",\"@id\":\"https:\\\/\\\/ezia.eus\\\/#website\",\"url\":\"https:\\\/\\\/ezia.eus\\\/\",\"name\":\"EZIA REHABILITACIONES SL\",\"description\":\"Rehabilitaciones integrales, energ\u00e9ticas y funcionales en fachadas, cubiertas e interiores\",\"publisher\":{\"@id\":\"https:\\\/\\\/ezia.eus\\\/#organization\"},\"potentialAction\":[{\"@type\":\"SearchAction\",\"target\":{\"@type\":\"EntryPoint\",\"urlTemplate\":\"https:\\\/\\\/ezia.eus\\\/?s={search_term_string}\"},\"query-input\":{\"@type\":\"PropertyValueSpecification\",\"valueRequired\":true,\"valueName\":\"search_term_string\"}}],\"inLanguage\":\"eu\"},{\"@type\":\"Organization\",\"@id\":\"https:\\\/\\\/ezia.eus\\\/#organization\",\"name\":\"EZIA REHABILITACIONES SL\",\"url\":\"https:\\\/\\\/ezia.eus\\\/\",\"logo\":{\"@type\":\"ImageObject\",\"inLanguage\":\"eu\",\"@id\":\"https:\\\/\\\/ezia.eus\\\/#\\\/schema\\\/logo\\\/image\\\/\",\"url\":\"https:\\\/\\\/ezia.eus\\\/wp-content\\\/uploads\\\/2025\\\/08\\\/cropped-ezia-logo-sin-fondo-01-e1755005662589.png\",\"contentUrl\":\"https:\\\/\\\/ezia.eus\\\/wp-content\\\/uploads\\\/2025\\\/08\\\/cropped-ezia-logo-sin-fondo-01-e1755005662589.png\",\"width\":478,\"height\":249,\"caption\":\"EZIA REHABILITACIONES SL\"},\"image\":{\"@id\":\"https:\\\/\\\/ezia.eus\\\/#\\\/schema\\\/logo\\\/image\\\/\"}}]}<\/script>\n<!-- \/ Yoast SEO plugin. -->","yoast_head_json":{"title":"Servicios - EZIA REHABILITACIONES SL","robots":{"index":"index","follow":"follow","max-snippet":"max-snippet:-1","max-image-preview":"max-image-preview:large","max-video-preview":"max-video-preview:-1"},"canonical":"https:\/\/ezia.eus\/eu\/servicios\/","og_locale":"en_US","og_type":"article","og_title":"Servicios - EZIA REHABILITACIONES SL","og_description":"Inicio Contacto Nuestros servicios Construcci\u00f3n integral de edificios Proyectos completos de obra nueva Gesti\u00f3n y coordinaci\u00f3n de obra Acabados de alta calidad Construcci\u00f3n y adecuaci\u00f3n de locales comerciales Adaptaci\u00f3n de espacios para negocios Reformas y mejoras funcionales Dise\u00f1o y distribuci\u00f3n de interiores Construcci\u00f3n y rehabilitaci\u00f3n de viviendas Reformas integrales Ampliaciones y redistribuci\u00f3n de espacios Mejora [&hellip;]","og_url":"https:\/\/ezia.eus\/eu\/servicios\/","og_site_name":"EZIA REHABILITACIONES SL","article_modified_time":"2025-08-12T14:27:17+00:00","og_image":[{"url":"https:\/\/ezia.eus\/wp-content\/uploads\/elementor\/thumbs\/1-2-ra5i9bhjlk0xauabdlu87mij3gjht8pti1c2y4nr8g.png","type":"","width":"","height":""}],"twitter_card":"summary_large_image","twitter_misc":{"Est. reading time":"1 minutua"},"schema":{"@context":"https:\/\/schema.org","@graph":[{"@type":"WebPage","@id":"https:\/\/ezia.eus\/servicios\/","url":"https:\/\/ezia.eus\/servicios\/","name":"Servicios - EZIA REHABILITACIONES SL","isPartOf":{"@id":"https:\/\/ezia.eus\/#website"},"primaryImageOfPage":{"@id":"https:\/\/ezia.eus\/servicios\/#primaryimage"},"image":{"@id":"https:\/\/ezia.eus\/servicios\/#primaryimage"},"thumbnailUrl":"https:\/\/ezia.eus\/wp-content\/uploads\/elementor\/thumbs\/1-2-ra5i9bhjlk0xauabdlu87mij3gjht8pti1c2y4nr8g.png","datePublished":"2025-08-12T09:30:17+00:00","dateModified":"2025-08-12T14:27:17+00:00","breadcrumb":{"@id":"https:\/\/ezia.eus\/servicios\/#breadcrumb"},"inLanguage":"eu","potentialAction":[{"@type":"ReadAction","target":["https:\/\/ezia.eus\/servicios\/"]}]},{"@type":"ImageObject","inLanguage":"eu","@id":"https:\/\/ezia.eus\/servicios\/#primaryimage","url":"https:\/\/ezia.eus\/wp-content\/uploads\/elementor\/thumbs\/1-2-ra5i9bhjlk0xauabdlu87mij3gjht8pti1c2y4nr8g.png","contentUrl":"https:\/\/ezia.eus\/wp-content\/uploads\/elementor\/thumbs\/1-2-ra5i9bhjlk0xauabdlu87mij3gjht8pti1c2y4nr8g.png"},{"@type":"BreadcrumbList","@id":"https:\/\/ezia.eus\/servicios\/#breadcrumb","itemListElement":[{"@type":"ListItem","position":1,"name":"Portada","item":"https:\/\/ezia.eus\/"},{"@type":"ListItem","position":2,"name":"Servicios"}]},{"@type":"WebSite","@id":"https:\/\/ezia.eus\/#website","url":"https:\/\/ezia.eus\/","name":"EZIA REHABILITACIONES SL","description":"Rehabilitaciones integrales, energ\u00e9ticas y funcionales en fachadas, cubiertas e interiores","publisher":{"@id":"https:\/\/ezia.eus\/#organization"},"potentialAction":[{"@type":"SearchAction","target":{"@type":"EntryPoint","urlTemplate":"https:\/\/ezia.eus\/?s={search_term_string}"},"query-input":{"@type":"PropertyValueSpecification","valueRequired":true,"valueName":"search_term_string"}}],"inLanguage":"eu"},{"@type":"Organization","@id":"https:\/\/ezia.eus\/#organization","name":"EZIA REHABILITACIONES SL","url":"https:\/\/ezia.eus\/","logo":{"@type":"ImageObject","inLanguage":"eu","@id":"https:\/\/ezia.eus\/#\/schema\/logo\/image\/","url":"https:\/\/ezia.eus\/wp-content\/uploads\/2025\/08\/cropped-ezia-logo-sin-fondo-01-e1755005662589.png","contentUrl":"https:\/\/ezia.eus\/wp-content\/uploads\/2025\/08\/cropped-ezia-logo-sin-fondo-01-e1755005662589.png","width":478,"height":249,"caption":"EZIA REHABILITACIONES SL"},"image":{"@id":"https:\/\/ezia.eus\/#\/schema\/logo\/image\/"}}]}},"_links":{"self":[{"href":"https:\/\/ezia.eus\/eu\/wp-json\/wp\/v2\/pages\/12","targetHints":{"allow":["GET"]}}],"collection":[{"href":"https:\/\/ezia.eus\/eu\/wp-json\/wp\/v2\/pages"}],"about":[{"href":"https:\/\/ezia.eus\/eu\/wp-json\/wp\/v2\/types\/page"}],"author":[{"embeddable":true,"href":"https:\/\/ezia.eus\/eu\/wp-json\/wp\/v2\/users\/1"}],"replies":[{"embeddable":true,"href":"https:\/\/ezia.eus\/eu\/wp-json\/wp\/v2\/comments?post=12"}],"version-history":[{"count":37,"href":"https:\/\/ezia.eus\/eu\/wp-json\/wp\/v2\/pages\/12\/revisions"}],"predecessor-version":[{"id":226,"href":"https:\/\/ezia.eus\/eu\/wp-json\/wp\/v2\/pages\/12\/revisions\/226"}],"wp:attachment":[{"href":"https:\/\/ezia.eus\/eu\/wp-json\/wp\/v2\/media?parent=12"}],"curies":[{"name":"wp","href":"https:\/\/api.w.org\/{rel}","templated":true}]}}