{"id":2,"date":"2025-07-17T13:50:55","date_gmt":"2025-07-17T13:50:55","guid":{"rendered":"https:\/\/ezia.rkinformatika.online\/?page_id=2"},"modified":"2025-08-12T13:33:28","modified_gmt":"2025-08-12T13:33:28","slug":"inicio","status":"publish","type":"page","link":"https:\/\/ezia.eus\/eu\/","title":{"rendered":"Hasiera"},"content":{"rendered":"\t\t<div data-elementor-type=\"wp-page\" data-elementor-id=\"2\" class=\"elementor elementor-2\" data-elementor-post-type=\"page\">\n\t\t\t\t<div class=\"elementor-element elementor-element-22f7742 e-flex e-con-boxed e-con e-parent\" data-id=\"22f7742\" data-element_type=\"container\" data-e-type=\"container\" data-settings=\"{&quot;background_background&quot;:&quot;slideshow&quot;,&quot;background_slideshow_gallery&quot;:[{&quot;id&quot;:101,&quot;url&quot;:&quot;https:\\\/\\\/ezia.eus\\\/wp-content\\\/uploads\\\/2025\\\/08\\\/1.png&quot;},{&quot;id&quot;:106,&quot;url&quot;:&quot;https:\\\/\\\/ezia.eus\\\/wp-content\\\/uploads\\\/2025\\\/08\\\/6.png&quot;},{&quot;id&quot;:102,&quot;url&quot;:&quot;https:\\\/\\\/ezia.eus\\\/wp-content\\\/uploads\\\/2025\\\/08\\\/2.png&quot;}],&quot;background_slideshow_loop&quot;:&quot;yes&quot;,&quot;background_slideshow_slide_duration&quot;:5000,&quot;background_slideshow_slide_transition&quot;:&quot;fade&quot;,&quot;background_slideshow_transition_duration&quot;:500}\">\n\t\t\t\t\t<div class=\"e-con-inner\">\n\t\t\t\t<div class=\"elementor-element elementor-element-086a2f3 elementor-headline--style-highlight elementor-widget elementor-widget-animated-headline\" data-id=\"086a2f3\" data-element_type=\"widget\" data-e-type=\"widget\" data-settings=\"{&quot;marker&quot;:&quot;underline&quot;,&quot;highlighted_text&quot;:&quot;Ezia Rehabilitaciones&quot;,&quot;headline_style&quot;:&quot;highlight&quot;,&quot;loop&quot;:&quot;yes&quot;,&quot;highlight_animation_duration&quot;:1200,&quot;highlight_iteration_delay&quot;:8000}\" data-widget_type=\"animated-headline.default\">\n\t\t\t\t\t\t\t<h3 class=\"elementor-headline\">\n\t\t\t\t\t<span class=\"elementor-headline-plain-text elementor-headline-text-wrapper\">Bienvenidos a <\/span>\n\t\t\t\t<span class=\"elementor-headline-dynamic-wrapper elementor-headline-text-wrapper\">\n\t\t\t\t\t<span class=\"elementor-headline-dynamic-text elementor-headline-text-active\">Ezia Rehabilitaciones<\/span>\n\t\t\t\t<\/span>\n\t\t\t\t<\/h3>\n\t\t\t\t\t\t<\/div>\n\t\t\t\t\t<\/div>\n\t\t\t\t<\/div>\n\t\t<div class=\"elementor-element elementor-element-cd84659 e-flex e-con-boxed e-con e-parent\" data-id=\"cd84659\" data-element_type=\"container\" data-e-type=\"container\">\n\t\t\t\t\t<div class=\"e-con-inner\">\n\t\t<div class=\"elementor-element elementor-element-ae143a6 e-con-full e-flex e-con e-child\" data-id=\"ae143a6\" data-element_type=\"container\" data-e-type=\"container\">\n\t\t\t\t<div class=\"elementor-element elementor-element-e629b21 elementor-widget elementor-widget-heading\" data-id=\"e629b21\" data-element_type=\"widget\" data-e-type=\"widget\" data-widget_type=\"heading.default\">\n\t\t\t\t\t<h2 class=\"elementor-heading-title elementor-size-default\">Sobre Nosotros<\/h2>\t\t\t\t<\/div>\n\t\t\t\t<div class=\"elementor-element elementor-element-531b803 elementor-widget elementor-widget-text-editor\" data-id=\"531b803\" data-element_type=\"widget\" data-e-type=\"widget\" data-widget_type=\"text-editor.default\">\n\t\t\t\t\t\t\t\t\t<p data-start=\"156\" data-end=\"415\">En Ezia Rehabilitaciones\u00a0nos especializamos en la construcci\u00f3n y rehabilitaci\u00f3n integral de edificios, locales y viviendas. Nuestra prioridad es ofrecer soluciones eficaces y de alta calidad que satisfagan las necesidades de los clientes m\u00e1s exigentes.<\/p><p data-start=\"417\" data-end=\"618\">Contamos con un equipo propio de profesionales altamente cualificados y con a\u00f1os de experiencia en el sector, lo que nos permite abordar cada proyecto con precisi\u00f3n, compromiso y atenci\u00f3n al detalle.<\/p><p data-start=\"620\" data-end=\"795\">Nuestro objetivo es transformar espacios, mejorar su funcionalidad y est\u00e9tica, y garantizar resultados duraderos que superen las expectativas de quienes conf\u00edan en nosotros.<\/p><p data-start=\"136\" data-end=\"476\">\u00a0<\/p>\t\t\t\t\t\t\t\t<\/div>\n\t\t\t\t<div class=\"elementor-element elementor-element-9b4dee5 elementor-widget elementor-widget-counter\" data-id=\"9b4dee5\" data-element_type=\"widget\" data-e-type=\"widget\" data-widget_type=\"counter.default\">\n\t\t\t\t\t\t\t<div class=\"elementor-counter\">\n\t\t\t<div class=\"elementor-counter-title\">A\u00f1os de Experencia<\/div>\t\t\t<div class=\"elementor-counter-number-wrapper\">\n\t\t\t\t<span class=\"elementor-counter-number-prefix\"><\/span>\n\t\t\t\t<span class=\"elementor-counter-number\" data-duration=\"2000\" data-to-value=\"13\" data-from-value=\"0\" data-delimiter=\",\">0<\/span>\n\t\t\t\t<span class=\"elementor-counter-number-suffix\">+<\/span>\n\t\t\t<\/div>\n\t\t<\/div>\n\t\t\t\t\t\t<\/div>\n\t\t\t\t<\/div>\n\t\t<div class=\"elementor-element elementor-element-bac804e e-con-full e-flex e-con e-child\" data-id=\"bac804e\" data-element_type=\"container\" data-e-type=\"container\" data-settings=\"{&quot;background_background&quot;:&quot;classic&quot;}\">\n\t\t\t\t<div class=\"elementor-element elementor-element-cb0267d elementor-widget elementor-widget-spacer\" data-id=\"cb0267d\" data-element_type=\"widget\" data-e-type=\"widget\" data-widget_type=\"spacer.default\">\n\t\t\t\t\t\t\t<div class=\"elementor-spacer\">\n\t\t\t<div class=\"elementor-spacer-inner\"><\/div>\n\t\t<\/div>\n\t\t\t\t\t\t<\/div>\n\t\t\t\t<\/div>\n\t\t\t\t\t<\/div>\n\t\t\t\t<\/div>\n\t\t<div class=\"elementor-element elementor-element-15bb11d e-flex e-con-boxed e-con e-parent\" data-id=\"15bb11d\" data-element_type=\"container\" data-e-type=\"container\" data-settings=\"{&quot;background_background&quot;:&quot;classic&quot;,&quot;background_motion_fx_motion_fx_scrolling&quot;:&quot;yes&quot;,&quot;background_motion_fx_translateY_effect&quot;:&quot;yes&quot;,&quot;background_motion_fx_translateY_speed&quot;:{&quot;unit&quot;:&quot;px&quot;,&quot;size&quot;:9.7,&quot;sizes&quot;:[]},&quot;background_motion_fx_translateY_affectedRange&quot;:{&quot;unit&quot;:&quot;%&quot;,&quot;size&quot;:&quot;&quot;,&quot;sizes&quot;:{&quot;start&quot;:0,&quot;end&quot;:100}},&quot;background_motion_fx_devices&quot;:[&quot;desktop&quot;,&quot;tablet&quot;,&quot;mobile&quot;]}\">\n\t\t\t\t\t<div class=\"e-con-inner\">\n\t\t\t\t<div class=\"elementor-element elementor-element-d6ad3db elementor-widget elementor-widget-heading\" data-id=\"d6ad3db\" data-element_type=\"widget\" data-e-type=\"widget\" data-widget_type=\"heading.default\">\n\t\t\t\t\t<h2 class=\"elementor-heading-title elementor-size-default\">\u00bfTe gustar\u00eda recibir un presupuesto personalizado o necesitas m\u00e1s informaci\u00f3n?<\/h2>\t\t\t\t<\/div>\n\t\t\t\t<div class=\"elementor-element elementor-element-e5ac644 elementor-align-center elementor-widget elementor-widget-button\" data-id=\"e5ac644\" data-element_type=\"widget\" data-e-type=\"widget\" data-widget_type=\"button.default\">\n\t\t\t\t\t\t\t\t\t\t<a class=\"elementor-button elementor-button-link elementor-size-sm\" href=\"https:\/\/ezia.eus\/contacto\/\">\n\t\t\t\t\t\t<span class=\"elementor-button-content-wrapper\">\n\t\t\t\t\t\t\t\t\t<span class=\"elementor-button-text\">\u00a1Hablemos!<\/span>\n\t\t\t\t\t<\/span>\n\t\t\t\t\t<\/a>\n\t\t\t\t\t\t\t\t<\/div>\n\t\t\t\t\t<\/div>\n\t\t\t\t<\/div>\n\t\t\t\t<\/div>\n\t\t","protected":false},"excerpt":{"rendered":"<p>Bienvenidos a Ezia Rehabilitaciones Sobre Nosotros En Ezia Rehabilitaciones\u00a0nos especializamos en la construcci\u00f3n y rehabilitaci\u00f3n integral de edificios, locales y viviendas. Nuestra prioridad es ofrecer soluciones eficaces y de alta calidad que satisfagan las necesidades de los clientes m\u00e1s exigentes. Contamos con un equipo propio de profesionales altamente cualificados y con a\u00f1os de experiencia en [&hellip;]<\/p>\n","protected":false},"author":1,"featured_media":0,"parent":0,"menu_order":0,"comment_status":"closed","ping_status":"closed","template":"elementor_canvas","meta":{"footnotes":""},"class_list":["post-2","page","type-page","status-publish","hentry"],"yoast_head":"<!-- This site is optimized with the Yoast SEO plugin v27.4 - https:\/\/yoast.com\/product\/yoast-seo-wordpress\/ -->\n<title>Inicio - EZIA REHABILITACIONES SL<\/title>\n<meta name=\"robots\" content=\"index, follow, max-snippet:-1, max-image-preview:large, max-video-preview:-1\" \/>\n<link rel=\"canonical\" href=\"https:\/\/ezia.eus\/eu\/\" \/>\n<meta property=\"og:locale\" content=\"en_US\" \/>\n<meta property=\"og:type\" content=\"article\" \/>\n<meta property=\"og:title\" content=\"Inicio - EZIA REHABILITACIONES SL\" \/>\n<meta property=\"og:description\" content=\"Bienvenidos a Ezia Rehabilitaciones Sobre Nosotros En Ezia Rehabilitaciones\u00a0nos especializamos en la construcci\u00f3n y rehabilitaci\u00f3n integral de edificios, locales y viviendas. Nuestra prioridad es ofrecer soluciones eficaces y de alta calidad que satisfagan las necesidades de los clientes m\u00e1s exigentes. Contamos con un equipo propio de profesionales altamente cualificados y con a\u00f1os de experiencia en [&hellip;]\" \/>\n<meta property=\"og:url\" content=\"https:\/\/ezia.eus\/eu\/\" \/>\n<meta property=\"og:site_name\" content=\"EZIA REHABILITACIONES SL\" \/>\n<meta property=\"article:modified_time\" content=\"2025-08-12T13:33:28+00:00\" \/>\n<meta name=\"twitter:card\" content=\"summary_large_image\" \/>\n<meta name=\"twitter:label1\" content=\"Est. reading time\" \/>\n\t<meta name=\"twitter:data1\" content=\"1 minutua\" \/>\n<script type=\"application\/ld+json\" class=\"yoast-schema-graph\">{\"@context\":\"https:\\\/\\\/schema.org\",\"@graph\":[{\"@type\":\"WebPage\",\"@id\":\"https:\\\/\\\/ezia.eus\\\/\",\"url\":\"https:\\\/\\\/ezia.eus\\\/\",\"name\":\"Inicio - EZIA REHABILITACIONES SL\",\"isPartOf\":{\"@id\":\"https:\\\/\\\/ezia.eus\\\/#website\"},\"datePublished\":\"2025-07-17T13:50:55+00:00\",\"dateModified\":\"2025-08-12T13:33:28+00:00\",\"breadcrumb\":{\"@id\":\"https:\\\/\\\/ezia.eus\\\/#breadcrumb\"},\"inLanguage\":\"eu\",\"potentialAction\":[{\"@type\":\"ReadAction\",\"target\":[\"https:\\\/\\\/ezia.eus\\\/\"]}]},{\"@type\":\"BreadcrumbList\",\"@id\":\"https:\\\/\\\/ezia.eus\\\/#breadcrumb\",\"itemListElement\":[{\"@type\":\"ListItem\",\"position\":1,\"name\":\"Portada\",\"item\":\"https:\\\/\\\/ezia.eus\\\/\"},{\"@type\":\"ListItem\",\"position\":2,\"name\":\"Inicio\"}]},{\"@type\":\"WebSite\",\"@id\":\"https:\\\/\\\/ezia.eus\\\/#website\",\"url\":\"https:\\\/\\\/ezia.eus\\\/\",\"name\":\"EZIA REHABILITACIONES SL\",\"description\":\"Rehabilitaciones integrales, energ\u00e9ticas y funcionales en fachadas, cubiertas e interiores\",\"publisher\":{\"@id\":\"https:\\\/\\\/ezia.eus\\\/#organization\"},\"potentialAction\":[{\"@type\":\"SearchAction\",\"target\":{\"@type\":\"EntryPoint\",\"urlTemplate\":\"https:\\\/\\\/ezia.eus\\\/?s={search_term_string}\"},\"query-input\":{\"@type\":\"PropertyValueSpecification\",\"valueRequired\":true,\"valueName\":\"search_term_string\"}}],\"inLanguage\":\"eu\"},{\"@type\":\"Organization\",\"@id\":\"https:\\\/\\\/ezia.eus\\\/#organization\",\"name\":\"EZIA REHABILITACIONES SL\",\"url\":\"https:\\\/\\\/ezia.eus\\\/\",\"logo\":{\"@type\":\"ImageObject\",\"inLanguage\":\"eu\",\"@id\":\"https:\\\/\\\/ezia.eus\\\/#\\\/schema\\\/logo\\\/image\\\/\",\"url\":\"https:\\\/\\\/ezia.eus\\\/wp-content\\\/uploads\\\/2025\\\/08\\\/cropped-ezia-logo-sin-fondo-01-e1755005662589.png\",\"contentUrl\":\"https:\\\/\\\/ezia.eus\\\/wp-content\\\/uploads\\\/2025\\\/08\\\/cropped-ezia-logo-sin-fondo-01-e1755005662589.png\",\"width\":478,\"height\":249,\"caption\":\"EZIA REHABILITACIONES SL\"},\"image\":{\"@id\":\"https:\\\/\\\/ezia.eus\\\/#\\\/schema\\\/logo\\\/image\\\/\"}}]}<\/script>\n<!-- \/ Yoast SEO plugin. -->","yoast_head_json":{"title":"Inicio - EZIA REHABILITACIONES SL","robots":{"index":"index","follow":"follow","max-snippet":"max-snippet:-1","max-image-preview":"max-image-preview:large","max-video-preview":"max-video-preview:-1"},"canonical":"https:\/\/ezia.eus\/eu\/","og_locale":"en_US","og_type":"article","og_title":"Inicio - EZIA REHABILITACIONES SL","og_description":"Bienvenidos a Ezia Rehabilitaciones Sobre Nosotros En Ezia Rehabilitaciones\u00a0nos especializamos en la construcci\u00f3n y rehabilitaci\u00f3n integral de edificios, locales y viviendas. Nuestra prioridad es ofrecer soluciones eficaces y de alta calidad que satisfagan las necesidades de los clientes m\u00e1s exigentes. Contamos con un equipo propio de profesionales altamente cualificados y con a\u00f1os de experiencia en [&hellip;]","og_url":"https:\/\/ezia.eus\/eu\/","og_site_name":"EZIA REHABILITACIONES SL","article_modified_time":"2025-08-12T13:33:28+00:00","twitter_card":"summary_large_image","twitter_misc":{"Est. reading time":"1 minutua"},"schema":{"@context":"https:\/\/schema.org","@graph":[{"@type":"WebPage","@id":"https:\/\/ezia.eus\/","url":"https:\/\/ezia.eus\/","name":"Inicio - EZIA REHABILITACIONES SL","isPartOf":{"@id":"https:\/\/ezia.eus\/#website"},"datePublished":"2025-07-17T13:50:55+00:00","dateModified":"2025-08-12T13:33:28+00:00","breadcrumb":{"@id":"https:\/\/ezia.eus\/#breadcrumb"},"inLanguage":"eu","potentialAction":[{"@type":"ReadAction","target":["https:\/\/ezia.eus\/"]}]},{"@type":"BreadcrumbList","@id":"https:\/\/ezia.eus\/#breadcrumb","itemListElement":[{"@type":"ListItem","position":1,"name":"Portada","item":"https:\/\/ezia.eus\/"},{"@type":"ListItem","position":2,"name":"Inicio"}]},{"@type":"WebSite","@id":"https:\/\/ezia.eus\/#website","url":"https:\/\/ezia.eus\/","name":"EZIA REHABILITACIONES SL","description":"Rehabilitaciones integrales, energ\u00e9ticas y funcionales en fachadas, cubiertas e interiores","publisher":{"@id":"https:\/\/ezia.eus\/#organization"},"potentialAction":[{"@type":"SearchAction","target":{"@type":"EntryPoint","urlTemplate":"https:\/\/ezia.eus\/?s={search_term_string}"},"query-input":{"@type":"PropertyValueSpecification","valueRequired":true,"valueName":"search_term_string"}}],"inLanguage":"eu"},{"@type":"Organization","@id":"https:\/\/ezia.eus\/#organization","name":"EZIA REHABILITACIONES SL","url":"https:\/\/ezia.eus\/","logo":{"@type":"ImageObject","inLanguage":"eu","@id":"https:\/\/ezia.eus\/#\/schema\/logo\/image\/","url":"https:\/\/ezia.eus\/wp-content\/uploads\/2025\/08\/cropped-ezia-logo-sin-fondo-01-e1755005662589.png","contentUrl":"https:\/\/ezia.eus\/wp-content\/uploads\/2025\/08\/cropped-ezia-logo-sin-fondo-01-e1755005662589.png","width":478,"height":249,"caption":"EZIA REHABILITACIONES SL"},"image":{"@id":"https:\/\/ezia.eus\/#\/schema\/logo\/image\/"}}]}},"_links":{"self":[{"href":"https:\/\/ezia.eus\/eu\/wp-json\/wp\/v2\/pages\/2","targetHints":{"allow":["GET"]}}],"collection":[{"href":"https:\/\/ezia.eus\/eu\/wp-json\/wp\/v2\/pages"}],"about":[{"href":"https:\/\/ezia.eus\/eu\/wp-json\/wp\/v2\/types\/page"}],"author":[{"embeddable":true,"href":"https:\/\/ezia.eus\/eu\/wp-json\/wp\/v2\/users\/1"}],"replies":[{"embeddable":true,"href":"https:\/\/ezia.eus\/eu\/wp-json\/wp\/v2\/comments?post=2"}],"version-history":[{"count":34,"href":"https:\/\/ezia.eus\/eu\/wp-json\/wp\/v2\/pages\/2\/revisions"}],"predecessor-version":[{"id":132,"href":"https:\/\/ezia.eus\/eu\/wp-json\/wp\/v2\/pages\/2\/revisions\/132"}],"wp:attachment":[{"href":"https:\/\/ezia.eus\/eu\/wp-json\/wp\/v2\/media?parent=2"}],"curies":[{"name":"wp","href":"https:\/\/api.w.org\/{rel}","templated":true}]}}